{"id":1351,"date":"2021-08-05T16:20:05","date_gmt":"2021-08-05T14:20:05","guid":{"rendered":"http:\/\/www.parrocchiebuttiglieraalta.it\/?page_id=1351"},"modified":"2021-08-05T16:20:06","modified_gmt":"2021-08-05T14:20:06","slug":"orario-messe-feriali","status":"publish","type":"page","link":"https:\/\/www.parrocchiebuttiglieraalta.it\/?page_id=1351","title":{"rendered":"ORARIO MESSE FERIALI"},"content":{"rendered":"\n<div class=\"wp-block-group\"><div class=\"wp-block-group__inner-container\">\n<p><strong>San Marco Evangelista a Buttigliera, via Reano 1<\/strong><\/p>\n\n\n\n<p>Dal Luned\u00ec al Venerd\u00ec alle ore 18.00<\/p>\n\n\n\n<p><strong>Sacro<\/strong> <strong>Cuore di Ge<\/strong>s<strong>\u00f9 a Ferriera, via Gatta 22<\/strong><\/p>\n\n\n\n<p>Dal Luned\u00ec al Venerd\u00ec alle ore 08.30<\/p>\n<\/div><\/div>\n\n\n\n<p><\/p>\n","protected":false},"excerpt":{"rendered":"<p>San Marco Evangelista a Buttigliera, via Reano 1 Dal Luned\u00ec al Venerd\u00ec alle ore 18.00 Sacro Cuore di Ges\u00f9 a Ferriera, via Gatta 22 Dal Luned\u00ec al Venerd\u00ec alle ore 08.30<\/p>\n","protected":false},"author":2,"featured_media":0,"parent":0,"menu_order":0,"comment_status":"closed","ping_status":"closed","template":"","meta":[],"_links":{"self":[{"href":"https:\/\/www.parrocchiebuttiglieraalta.it\/index.php?rest_route=\/wp\/v2\/pages\/1351"}],"collection":[{"href":"https:\/\/www.parrocchiebuttiglieraalta.it\/index.php?rest_route=\/wp\/v2\/pages"}],"about":[{"href":"https:\/\/www.parrocchiebuttiglieraalta.it\/index.php?rest_route=\/wp\/v2\/types\/page"}],"author":[{"embeddable":true,"href":"https:\/\/www.parrocchiebuttiglieraalta.it\/index.php?rest_route=\/wp\/v2\/users\/2"}],"replies":[{"embeddable":true,"href":"https:\/\/www.parrocchiebuttiglieraalta.it\/index.php?rest_route=%2Fwp%2Fv2%2Fcomments&post=1351"}],"version-history":[{"count":1,"href":"https:\/\/www.parrocchiebuttiglieraalta.it\/index.php?rest_route=\/wp\/v2\/pages\/1351\/revisions"}],"predecessor-version":[{"id":1352,"href":"https:\/\/www.parrocchiebuttiglieraalta.it\/index.php?rest_route=\/wp\/v2\/pages\/1351\/revisions\/1352"}],"wp:attachment":[{"href":"https:\/\/www.parrocchiebuttiglieraalta.it\/index.php?rest_route=%2Fwp%2Fv2%2Fmedia&parent=1351"}],"curies":[{"name":"wp","href":"https:\/\/api.w.org\/{rel}","templated":true}]}}