{"id":187,"date":"2018-09-25T20:57:23","date_gmt":"2018-09-25T18:57:23","guid":{"rendered":"http:\/\/www.parrocchiebuttiglieraalta.it\/?page_id=187"},"modified":"2020-03-12T15:56:56","modified_gmt":"2020-03-12T14:56:56","slug":"gruppo-missionario","status":"publish","type":"page","link":"https:\/\/www.parrocchiebuttiglieraalta.it\/?page_id=187","title":{"rendered":"Gruppo Missionario"},"content":{"rendered":"<p><img loading=\"lazy\" class=\"size-full wp-image-306 alignleft\" src=\"http:\/\/www.parrocchiebuttiglieraalta.it\/wp-content\/uploads\/2018\/09\/Gruppo-Missionario.png\" alt=\"\" width=\"291\" height=\"229\" \/>Diamo voce al Gruppo Missionario:<\/p>\n<p>\u201cil gruppo Missionario Parrocchia San Marco \u00e8 attivo ormai da pi\u00f9 di venti anni, all\u2019inizio eravamo in poche, tre o quattro, a lavorare, ora siamo pi\u00f9 di quindici. Il nostro obiettivo \u00e8 sempre stato il sostegno alle missioni, senza tralasciare per\u00f2 l\u2019aiuto nelle circostanze straordinarie e dolorose, come terremoti e alluvioni, in Italia e nel mondo.<\/p>\n<p>Anni addietro, quando era in costruzione il Centro Famiglie abbiamo devoluto cifre sostanziose per concorrere al saldo delle fatture per i lavori. Ora \u00e8 una decina di anni che aiutiamo Padre Giuliani missionario della Consolata della missione di Sererit, un luogo stupendo, ma sperduto tra i monti del nord del Kenya, soggetto a carestie e lontano da ospedali e citt\u00e0. Con il nostro aiuto Padre Giuliani ha potuto costruire un acquedotto, un dispensario in muratura e molte altre cose necessarie come la scuola per i pi\u00f9 piccoli. Abbiamo anche adottato un seminarista del Burundi, ora diventato sacerdote. Tutti gli anni stanziamo una cifra per coprire parte delle spese di riscaldamento della nostra chiesa.<\/p>\n<p>Ogni anno allestiamo una mostra-mercato il 7 e l\u20198 dicembre dove vengono venduti i manufatti che mani laboriose hanno creato durante l\u2019arco dell\u2019anno. Ci troviamo ogni luned\u00ec dalle 16.00 alle 18.00 in parrocchia e se qualche signora che si sente un poco sola volesse uscire di casa a fare anche soltanto due chiacchiere, senza l\u2019impegno di lavorare, sar\u00e0 senz\u2019altro ben accolta e trover\u00e0 un\u2019atmosfera allegra che per mezza giornata far\u00e0 passare la malinconia. Vi aspettiamo.\u201d<\/p>\n<p>Le componenti del gruppo missionario.<\/p>\n<p><span style=\"color: #0000ff;\"><b>Il gruppo Missionario di san Marco ci informa\u00a0 <\/b>riguardo al Mercatino Missionario dell\u2019<strong>Immacolata 2019.<\/strong><\/span><\/p>\n<p><span style=\"color: #0000ff;\">Incasso totale di 5.150,00 \u20ac che \u00e8 stata cos\u00ec distribuito:<\/span><\/p>\n<p><span style=\"color: #0000ff;\">Missione di Padre Giuliani a Sererit in Kenya\u00a0 \u00a0 \u00a0 \u00a0 \u00a0 \u00a0 \u00a0 \u00a0 \u00a0 \u00a0 \u00a0 \u00a0 \u00a0 \u00a0\u20ac 4.000,00<\/span><\/p>\n<p><span style=\"color: #0000ff;\">Contribuzione alle spese di riscaldamento della Chiesa\u00a0 \u00a0 \u00a0 \u00a0 \u00a0 \u20ac 950,00<\/span><\/p>\n<p><span style=\"color: #0000ff;\">Offerta a \u201cMani per volare\u201d\u00a0 \u00a0 \u00a0 \u00a0 \u00a0 \u00a0 \u00a0 \u00a0 \u00a0 \u00a0 \u00a0 \u00a0 \u00a0 \u00a0 \u00a0 \u00a0 \u00a0 \u00a0 \u00a0 \u00a0 \u00a0 \u00a0 \u00a0 \u00a0 \u00a0 \u00a0 \u00a0 \u00a0 \u00a0 \u00a0\u20ac 100,00<\/span><\/p>\n<p><span style=\"color: #0000ff;\">Sostegno ad una famiglia in difficolt\u00e0\u00a0 \u00a0 \u00a0 \u00a0 \u00a0 \u00a0 \u00a0 \u00a0 \u00a0 \u00a0 \u00a0 \u00a0 \u00a0 \u00a0 \u00a0 \u00a0 \u00a0 \u00a0 \u00a0 \u00a0 \u00a0\u20ac 100,00<\/span><\/p>\n<p><span style=\"color: #0000ff;\">Un grazie di cuore a tutti coloro che hanno partecipato.<\/span><\/p>\n","protected":false},"excerpt":{"rendered":"<p>Diamo voce al Gruppo Missionario: \u201cil gruppo Missionario Parrocchia San Marco \u00e8 attivo ormai da pi\u00f9 di venti anni, all\u2019inizio eravamo in poche, tre o quattro, a lavorare, ora siamo pi\u00f9 di quindici. Il nostro obiettivo \u00e8 sempre stato il sostegno alle missioni, senza tralasciare per\u00f2 l\u2019aiuto nelle circostanze straordinarie e dolorose, come terremoti e &hellip;<br \/><a href=\"https:\/\/www.parrocchiebuttiglieraalta.it\/?page_id=187\" class=\"more-link pen_button pen_element_default pen_icon_arrow_double\">Continua a leggere <span class=\"screen-reader-text\">Gruppo Missionario<\/span><\/a><\/p>\n","protected":false},"author":1,"featured_media":0,"parent":0,"menu_order":0,"comment_status":"closed","ping_status":"closed","template":"","meta":[],"_links":{"self":[{"href":"https:\/\/www.parrocchiebuttiglieraalta.it\/index.php?rest_route=\/wp\/v2\/pages\/187"}],"collection":[{"href":"https:\/\/www.parrocchiebuttiglieraalta.it\/index.php?rest_route=\/wp\/v2\/pages"}],"about":[{"href":"https:\/\/www.parrocchiebuttiglieraalta.it\/index.php?rest_route=\/wp\/v2\/types\/page"}],"author":[{"embeddable":true,"href":"https:\/\/www.parrocchiebuttiglieraalta.it\/index.php?rest_route=\/wp\/v2\/users\/1"}],"replies":[{"embeddable":true,"href":"https:\/\/www.parrocchiebuttiglieraalta.it\/index.php?rest_route=%2Fwp%2Fv2%2Fcomments&post=187"}],"version-history":[{"count":3,"href":"https:\/\/www.parrocchiebuttiglieraalta.it\/index.php?rest_route=\/wp\/v2\/pages\/187\/revisions"}],"predecessor-version":[{"id":974,"href":"https:\/\/www.parrocchiebuttiglieraalta.it\/index.php?rest_route=\/wp\/v2\/pages\/187\/revisions\/974"}],"wp:attachment":[{"href":"https:\/\/www.parrocchiebuttiglieraalta.it\/index.php?rest_route=%2Fwp%2Fv2%2Fmedia&parent=187"}],"curies":[{"name":"wp","href":"https:\/\/api.w.org\/{rel}","templated":true}]}}