{"id":228,"date":"2018-09-26T11:38:21","date_gmt":"2018-09-26T09:38:21","guid":{"rendered":"http:\/\/www.parrocchiebuttiglieraalta.it\/?page_id=228"},"modified":"2018-09-27T08:30:44","modified_gmt":"2018-09-27T06:30:44","slug":"masci","status":"publish","type":"page","link":"https:\/\/www.parrocchiebuttiglieraalta.it\/?page_id=228","title":{"rendered":"Masci"},"content":{"rendered":"<p><strong><u><img loading=\"lazy\" class=\"size-full wp-image-301 alignleft\" src=\"http:\/\/www.parrocchiebuttiglieraalta.it\/wp-content\/uploads\/2018\/09\/masci.jpg\" alt=\"\" width=\"226\" height=\"223\" \/>LA COMUNITA\u2019 MASCI SI PRESENTA:<\/u><\/strong><\/p>\n<p>La comunit\u00e0 Masci (Movimento Adulti Scout Cattolici Italiani) di Buttigliera Alta \u201cSempre pronti\u201d nasce nel 2008 dall\u2019iniziativa di alcuni genitori di ragazzi scout, provenienti da strade ed esperienze diverse, uniti dalla convinzione che i valori espressi dallo scoutismo rappresentino riferimenti fondamentali per tutte le stagioni della vita e che in et\u00e0 adulta possano costituire un\u2019ottima base per un percorso di autoeducazione.<\/p>\n<p>La nostra comunit\u00e0, nel suo voler essere centro di fede e di speranza cristiana, \u00e8 orientata al servizio verso gli altri, verso il territorio con interventi in ambito sociale, politico e culturale anche in collaborazione con altre associazioni. Consideriamo la natura come un dono e ci impegniamo in attivit\u00e0 volte alla sua salvaguardia e tutela. Inoltre cerchiamo di offrire il nostro servizio di animazione liturgica presso Parrocchia Sacro Cuore di Ges\u00f9 di Ferriera. <img loading=\"lazy\" class=\"size-full wp-image-304 alignright\" src=\"http:\/\/www.parrocchiebuttiglieraalta.it\/wp-content\/uploads\/2018\/09\/mascit.jpg\" alt=\"\" width=\"155\" height=\"154\" srcset=\"https:\/\/www.parrocchiebuttiglieraalta.it\/wp-content\/uploads\/2018\/09\/mascit.jpg 155w, https:\/\/www.parrocchiebuttiglieraalta.it\/wp-content\/uploads\/2018\/09\/mascit-150x150.jpg 150w\" sizes=\"(max-width: 155px) 100vw, 155px\" \/><\/p>\n<p>Tra le svariate iniziative che ci hanno coinvolto e che sono tuttora parte importante del nostro operare, ne citiamo solo alcune, utili a comprendere la nostra attivit\u00e0 per chi ancora non ci conoscesse.<\/p>\n<p>Siamo stati i promotori della riscoperta dell\u2019area verde Rosa Luxemburg di Ferriera, riuscendo a dare nuova luce e visibilit\u00e0 ad una risorsa importante non solo per i cittadini del paese, ma per l\u2019intero ambito territoriale. Oggi il Masci, insieme al Gruppo S.Maurizio, gestisce l\u2019area verde, accessibile a tutti per una tranquilla passeggiata, per un pic-nic o semplicemente per passare del tempo libero in armonia con la natura. Insomma un punto di aggregazione dove famiglie, associazioni e gruppi possono organizzare feste ed eventi.<\/p>\n<p>Le iniziative non si limitano al nostro territorio: ad esempio curiamo con altre comunit\u00e0 Masci della zona la raccolta tappi di plastica. Il ricavato della vendita a ditte specializzate nel riciclo \u00e8 destinato alla realizzazione di pozzi d\u2019acqua in Tanzania.<\/p>\n<p>Si rivolge invece al Togo l\u2019iniziativa di assistenza sanitaria a cui la nostra Comunit\u00e0 ha aderito sostenendo i promotori del progetto (Ciro e Anna Cirillo della Comunit\u00e0 Masci Valsusa) con serate di sensibilizzazione e raccolta fondi. In questo ambito \u00e8 inoltre partita l\u2019iniziativa rivolta all\u2019alfabetizzazione informatica che vede Cristiano (membro della nostra comunit\u00e0) impegnato nella creazione presso una scuola locale di un\u2019aula dotata di sette computer e della relativa rete di connessione.<\/p>\n<p>Non possiamo certo dimenticare la recente organizzazione dell\u2019Assemblea Nazionale del Masci a Bardonecchia, con la partecipazione di oltre 800 adulti scout provenienti da tutta Italia e che ci ha visti in prima linea per l\u2019ottima riuscita dell\u2019evento.<\/p>\n<p>Le attivit\u00e0 in cui siamo presenti sono ancora molte e vanno da incontri di preghiera e sulla famiglia alla collaborazione con l\u2019Associazione Libera, dall\u2019organizzazione e\/o partecipazione a convegni su argomenti di particolare interesse ad iniziative di raccolta fondi per solidariet\u00e0 e tanto altro ancora.<\/p>\n<p>Siamo naturalmente una comunit\u00e0 aperta e pronta ad accogliere chiunque vorr\u00e0 condividere gli stessi valori e trasmettere nuove esperienze.<\/p>\n<p>Buona strada dalla Comunit\u00e0 MASCI \u201cSempre Pronti\u201d.<\/p>\n","protected":false},"excerpt":{"rendered":"<p>LA COMUNITA\u2019 MASCI SI PRESENTA: La comunit\u00e0 Masci (Movimento Adulti Scout Cattolici Italiani) di Buttigliera Alta \u201cSempre pronti\u201d nasce nel 2008 dall\u2019iniziativa di alcuni genitori di ragazzi scout, provenienti da strade ed esperienze diverse, uniti dalla convinzione che i valori espressi dallo scoutismo rappresentino riferimenti fondamentali per tutte le stagioni della vita e che in &hellip;<br \/><a href=\"https:\/\/www.parrocchiebuttiglieraalta.it\/?page_id=228\" class=\"more-link pen_button pen_element_default pen_icon_arrow_double\">Continua a leggere <span class=\"screen-reader-text\">Masci<\/span><\/a><\/p>\n","protected":false},"author":1,"featured_media":0,"parent":0,"menu_order":0,"comment_status":"closed","ping_status":"closed","template":"","meta":[],"_links":{"self":[{"href":"https:\/\/www.parrocchiebuttiglieraalta.it\/index.php?rest_route=\/wp\/v2\/pages\/228"}],"collection":[{"href":"https:\/\/www.parrocchiebuttiglieraalta.it\/index.php?rest_route=\/wp\/v2\/pages"}],"about":[{"href":"https:\/\/www.parrocchiebuttiglieraalta.it\/index.php?rest_route=\/wp\/v2\/types\/page"}],"author":[{"embeddable":true,"href":"https:\/\/www.parrocchiebuttiglieraalta.it\/index.php?rest_route=\/wp\/v2\/users\/1"}],"replies":[{"embeddable":true,"href":"https:\/\/www.parrocchiebuttiglieraalta.it\/index.php?rest_route=%2Fwp%2Fv2%2Fcomments&post=228"}],"version-history":[{"count":3,"href":"https:\/\/www.parrocchiebuttiglieraalta.it\/index.php?rest_route=\/wp\/v2\/pages\/228\/revisions"}],"predecessor-version":[{"id":305,"href":"https:\/\/www.parrocchiebuttiglieraalta.it\/index.php?rest_route=\/wp\/v2\/pages\/228\/revisions\/305"}],"wp:attachment":[{"href":"https:\/\/www.parrocchiebuttiglieraalta.it\/index.php?rest_route=%2Fwp%2Fv2%2Fmedia&parent=228"}],"curies":[{"name":"wp","href":"https:\/\/api.w.org\/{rel}","templated":true}]}}