{"id":9,"date":"2018-09-06T14:08:56","date_gmt":"2018-09-06T12:08:56","guid":{"rendered":"http:\/\/www.parrocchiebuttiglieraalta.it\/?page_id=9"},"modified":"2020-02-27T10:32:15","modified_gmt":"2020-02-27T09:32:15","slug":"chi-siamo","status":"publish","type":"page","link":"https:\/\/www.parrocchiebuttiglieraalta.it\/?page_id=9","title":{"rendered":"San Marco"},"content":{"rendered":"<h1>Dagli archivi Parrocchiali e dalla curia arcivescovile di Torino<\/h1>\n<h2>I Parroci di Buttigliera Alta<\/h2>\n<p>a cura di Oscar Boero<\/p>\n<p>1) Dopo l\u2019erezione a Parrocchia nel 1595, e resasi indipendente da quella d\u2019Avigliana, il primo Parroco fu <strong>Don Ludovico Mattiotto <\/strong>da Favria, il quale amministr\u00f2 questa Parrocchia dagli ultimi anni del 1500 fino al 4 settembre 1653 quando mor\u00ec. Doveva essere stato molto giovane quando gli fu affidata Buttigliera, vista la durata del suo operato. Questo Parroco fu scelto dal Consiglio dei Notabili del Paese composto da Valetti Michele, Moitre Andrea, Bello Giacomo, Ghigliotto Andrea, Bramante Giovanni, Valetti Giacomo, Moitre Pietro, Chiabotto Bertino, Boero Stefano, Ghigliotto Filippo, Boero Michele, Reviglio Pietro, Andreis Giacomo, Moitre Giovanni, Margrita Giacomo, Bertinetti Graziano, Facio Rosso Battista, Rossetti Biagio e Aschieri Battista.<\/p>\n<p><em><img loading=\"lazy\" class=\"size-medium wp-image-40 alignleft\" src=\"http:\/\/www.parrocchiebuttiglieraalta.it\/wp-content\/uploads\/2018\/09\/internosanmarco-300x284.jpg\" alt=\"\" width=\"300\" height=\"284\" srcset=\"https:\/\/www.parrocchiebuttiglieraalta.it\/wp-content\/uploads\/2018\/09\/internosanmarco-300x284.jpg 300w, https:\/\/www.parrocchiebuttiglieraalta.it\/wp-content\/uploads\/2018\/09\/internosanmarco.jpg 406w\" sizes=\"(max-width: 300px) 100vw, 300px\" \/>Interno della Chiesa Parrocchiale<\/em><\/p>\n<p>In seguito, fino a Don Lerda compreso, i Parroci furono nominati dai Conti Carron di San Tommaso Brian\u00e7on. Si hanno notizie, nell\u2019ultimo quarto di secolo del 1500, di un certo Don Facio Rosso Martino che svolgeva le funzioni, molto autonomamente, rispetto agli allora nostri Parroci d\u2019Avigliana.<\/p>\n<p>2) Gli successe <strong>Don Pietro Bramante<\/strong> di Caselette, che resse la Parrocchia fino alla sua morte avvenuta il 18 maggio 1657.<\/p>\n<p>3\/4\/5) Dal 1657 al 1670 in mezzo ad eventi bellici molto tristi ed oscuri per il Ducato di Savoia, furono Parroci (non sempre presenti in Paese) <strong>Don Giovanni Marucco<\/strong>, <strong>Don Stefano Favro <\/strong>di Giaveno e <strong>Don Domenico Nicola Scarazzo<\/strong> di Avigliana.<\/p>\n<p>6) Finalmente, nel 1670 si stabil\u00ec, in modo permanente, <strong>Don Niccol\u00f2 Rore<\/strong> proveniente dai pressi d\u2019Ivrea.<\/p>\n<p>7) Don Rore nel 1684 cambi\u00f2 questa Parrocchia con quella di Valgioie, da dove provenne <strong>Don Michele Antonio Caveglia<\/strong>, il quale fu Parroco dal 26 marzo fino al 20 maggio 1734 quando mor\u00ec. E\u2019 sepolto sotto il pavimento della chiesa, in corrispondenza dell\u2019Acquasantiera, vicino alla porta, entrando sulla destra.<\/p>\n<p>8) <strong>Don Giovanni Tommaso Fornello<\/strong>, che arrivava da Monastero Di Lanzo, prese in consegna la Parrocchia il 20 giugno 1734 e vi rest\u00f2 fino al giorno del suo decesso il 7 aprile 1764. E\u2019 sepolto anche lui in chiesa all\u2019altezza dell\u2019Altare Maggiore verso la Madonna del Rosario.<\/p>\n<p>9) Il 13 maggio 1764, fu eletto Parroco <strong>Don Carlo Emanuele Ignazio Bussi<\/strong> da Torino ed oper\u00f2 fino al 20 giugno 1768 quando si trasfer\u00ec alla Parrocchia di San Raffaele Cimena.<\/p>\n<p>10) Nel 1768, il 25 settembre, da Carr\u00f9 (Cuneo) giunse <strong>Don Carlo Giuseppe Borghese <\/strong>e rest\u00f2 nel nostro Paese fino al 29 maggio 1772, giorno della sua morte. Il luogo della sua sepoltura \u00e8 vicino a quello di Don Fornello.<\/p>\n<p>11) Il suo successore, sempre da Carr\u00f9, fu il fratello <strong>Don Bartolomeo Borghese\u00a0<\/strong> gi\u00e0 Viceparroco. Rimase alla guida della Parrocchia dal 4 ottobre 1772 al 9 aprile 1794.<\/p>\n<p>12) <strong>Don Michele Andrea Paciotti<\/strong>, figlio di Cesare, proveniente da Avigliana, resse la Parrocchia, purtroppo, per soli 10 mesi fino alla sua morte il 15 marzo 1795. La causa di questa morte improvvisa fu il fatto che, un giorno, all\u2019imbrunire, fu assalito in casa da tre ladri rimasti sconosciuti e dai quali fu ferito al petto. Da quel giorno per la paura non si riebbe pi\u00f9 e mor\u00ec di crepacuore.<\/p>\n<p>13) Arriv\u00f2 da Col San Giovanni <strong>Don Giuseppe Bernardo Gallino<\/strong>, gi\u00e0 Vicecurato di San Giovanni in Avigliana; mor\u00ec il 15 maggio 1802, all\u2019et\u00e0 di 36 anni, a causa di una malattia durata pi\u00f9 di tre mesi che l\u2019aveva costretto, addirittura, a dimettersi pubblicamente in occasione della Santa Messa.<\/p>\n<p>14) L\u2019ultimo Parroco nominato dai Carron fu <strong>Don Giuseppe Antonio Maria Lerda<\/strong> di Caraglio (Cuneo), gi\u00e0 Vicecurato di Santa Maria in Avigliana. Si stabil\u00ec a Buttigliera nell\u2019ottobre 1802 vi rimase sino al decesso avvenuto il 10 gennaio 1850.<\/p>\n<p>15) Veniva invece da Volvera <strong>Don Domenico Peretti<\/strong>, Parroco dal 17 febbraio 1850, sino al 1 aprile 1893, giorno del decesso. E\u2019 curioso notare che, quasi negli stessi giorni, mor\u00ec sua sorella gemella, che era anche la sua perpetua.<\/p>\n<p>16) <strong>Don Tommaso Migliore<\/strong>, da Villastellone, fu l\u2019unico a diventare, successivamente, Monsignore. Fece solenne ingresso il 19 novembre 1893 e mor\u00ec il 27 febbraio 1929. Gli anziani del Paese ricordano ancora che, com\u2019era uso all\u2019epoca per i Vescovi, la salma fu sistemata, prima del funerale, su di una sorta di Sedia Gestatoria.<\/p>\n<p>17) <strong>Don Bernardino Costamagna<\/strong>, da Villafranca Piemonte, arriv\u00f2 nel nostro Paese il 28 luglio 1929 e vi rest\u00f2 fino al 20 maggio 1945, giorno in cui fu trasferito al Santuario del Sacro Cuore di Maria a Torino. Egli era stato il primo nominato non pi\u00f9 dalla Curia, ma direttamente dall\u2019Arcivescovo di Torino. Resta impresso nei ricordi dei Buttiglieresi il suo operato durante la Seconda Guerra Mondiale quando, in una particolare occasione, riusc\u00ec con la sua magistrale mediazione ad evitare che il Paese fosse dato alle fiamme dai Tedeschi.<\/p>\n<p>18) Arrivava da Balme <strong>Don Lorenzo Guglielmotto<\/strong>: da questo momento \u00e8 in pratica storia dei nostri giorni. Dal suo arrivo nel 1945 resse la Parrocchia, prima di trasferirsi in un\u2019altra di Torino, fino al 1962. Si stabil\u00ec poi a Torino fino alla morte, avvenuta qualche tempo fa.<\/p>\n<p>19) Fu sostituito da <strong>Don Angelo Musso\u00a0<\/strong> di Torino, fino al 1969, anno della sua morte. Un anno prima Ferriera era stata eretta a Parrocchia indipendente con <strong>Don Antonio Zambonetti\u00a0<\/strong> da Balangero, al quale successe nel 1980 <strong>Don Giuseppe<\/strong> <strong>Raglia <\/strong>da San Francesco al Campo. Sempre nel 1968 Don Musso dovette subire la drammatica e sacrilega sottrazione dell\u2019antichissima statua lignea della Madonna dei Boschi.<\/p>\n<p>20) Giunse da Mathi Canavese <strong>Don Aldo Guglielmo Vallino<\/strong>, che \u00e8 stato con noi fino al 1997 per poi ritirarsi nel Paese natio per un meritato riposo.<\/p>\n<p>21) Dal 1997 la parrocchia \u00e8 retta da <strong>Padre Vladimiro Robak<\/strong> coadiuvato dapprima da <strong>Padre Francesco<\/strong> ed in seguito da <strong>Padre Michele<\/strong>.<\/p>\n<p>22) Padre Vladimiro \u00e8 aiutato dal 2002 da <strong>Padre Tommaso<\/strong> e <strong>Padre Mirko<\/strong> che hanno preso il posto di Padre Michele.<\/p>\n<p>22) Dal 13 Settembre 2003 la parrocchia \u00e8 affidata a <strong>Don Luigi Palaziol<\/strong>, proveniente dalla parrocchia di Collegno.<\/p>\n<p>23) Dal 1 Settembre 2013 subentra <strong>Don Franco Gonella, <\/strong>originario della Parrocchia di Piobesi Torinese e proventiente da Ciri\u00e8 dov&#8217;era Vice-Parroco\u00a0 nella Parrocchia SS. Giovanni Battista e Martino.<\/p>\n<p>In questi 400 e pi\u00f9 anni, tantissime cose si potrebbero scrivere ancora sull\u2019operato dei Parroci e coordinatori, specialmente i pi\u00f9 antichi, poich\u00e9 degli ultimi \u00e8 nella memoria e sotto gli occhi di tutti il lavoro svolto, senza soluzione di continuit\u00e0, dall\u2019uno all\u2019altro fino ad arrivare all\u2019erigendo Centro Famiglia.<\/p>\n<p>I Buttiglieresi, naturalmente, dal canto loro, hanno sempre sostenuto ed appoggiato le volont\u00e0 e le iniziative dei loro Parroci sotto ogni punto di vista.<\/p>\n","protected":false},"excerpt":{"rendered":"<p>Dagli archivi Parrocchiali e dalla curia arcivescovile di Torino I Parroci di Buttigliera Alta a cura di Oscar Boero 1) Dopo l\u2019erezione a Parrocchia nel 1595, e resasi indipendente da quella d\u2019Avigliana, il primo Parroco fu Don Ludovico Mattiotto da Favria, il quale amministr\u00f2 questa Parrocchia dagli ultimi anni del 1500 fino al 4 settembre &hellip;<br \/><a href=\"https:\/\/www.parrocchiebuttiglieraalta.it\/?page_id=9\" class=\"more-link pen_button pen_element_default pen_icon_arrow_double\">Continua a leggere <span class=\"screen-reader-text\">San Marco<\/span><\/a><\/p>\n","protected":false},"author":1,"featured_media":0,"parent":0,"menu_order":0,"comment_status":"closed","ping_status":"closed","template":"","meta":[],"_links":{"self":[{"href":"https:\/\/www.parrocchiebuttiglieraalta.it\/index.php?rest_route=\/wp\/v2\/pages\/9"}],"collection":[{"href":"https:\/\/www.parrocchiebuttiglieraalta.it\/index.php?rest_route=\/wp\/v2\/pages"}],"about":[{"href":"https:\/\/www.parrocchiebuttiglieraalta.it\/index.php?rest_route=\/wp\/v2\/types\/page"}],"author":[{"embeddable":true,"href":"https:\/\/www.parrocchiebuttiglieraalta.it\/index.php?rest_route=\/wp\/v2\/users\/1"}],"replies":[{"embeddable":true,"href":"https:\/\/www.parrocchiebuttiglieraalta.it\/index.php?rest_route=%2Fwp%2Fv2%2Fcomments&post=9"}],"version-history":[{"count":3,"href":"https:\/\/www.parrocchiebuttiglieraalta.it\/index.php?rest_route=\/wp\/v2\/pages\/9\/revisions"}],"predecessor-version":[{"id":880,"href":"https:\/\/www.parrocchiebuttiglieraalta.it\/index.php?rest_route=\/wp\/v2\/pages\/9\/revisions\/880"}],"wp:attachment":[{"href":"https:\/\/www.parrocchiebuttiglieraalta.it\/index.php?rest_route=%2Fwp%2Fv2%2Fmedia&parent=9"}],"curies":[{"name":"wp","href":"https:\/\/api.w.org\/{rel}","templated":true}]}}